							
{"id":98,"date":"2010-03-03T19:28:21","date_gmt":"2010-03-03T19:28:21","guid":{"rendered":"http:\/\/www.iavvocato.eu\/?page_id=98"},"modified":"2014-11-19T15:26:35","modified_gmt":"2014-11-19T14:26:35","slug":"disclaimer","status":"publish","type":"page","link":"http:\/\/www.iavvocato.cloud\/?page_id=98","title":{"rendered":"\u00a9 \u00a9"},"content":{"rendered":"<p style=\"text-align: center;\"><strong>LEGGERE CON ATTENZIONE<\/strong>.<\/p>\n<p><strong>iAvvocato<\/strong> non \u00e8 in alcun modo collegato a Apple Inc.\u00a9 o ad altre compagnie e l\u2019utilizzo dei marchi e loghi registrati appartenenti ai rispettivi proprietari \u00e8 da considersi con finalit\u00e0 illustrative e non a fine di lucro.<\/p>\n<p>Tutti i testi contenuti in questo sito sono di proprieta\u2019 di <strong>iAvvocato<\/strong> e protetti da licenza Creative Commons, e\u00a0possono essere riprodotti, modificati, distribuiti, trasmessi, ripubblicati o in altro modo utilizzati, in tutto o in parte, anche senza il preventivo consenso di iAvvocato, a condizione che sia citata la fonte attraverso la seguente dicitura, impressa in caratteri ben visibili\u00a0&#8220;tratto dal sito <strong>iAvvocato.eu<\/strong>&#8220;.<\/p>\n<p>Questo Sito pu\u00f2 contenere collegamenti (\u201dlink\u201d) a siti controllati da soggetti diversi da <strong>iAvvocato<\/strong>. L&#8217;uso di tali link conduce fuori da questo Sito. Viceversa, siti web controllati da soggetti diversi da iAvvocato possono contenere link con il presente sito. I siti ai quali ci si pu\u00f2 collegare dal presente Sito, o che possono collegarsi ad esso, non sono sotto il controllo di <strong>iAvvocato <\/strong>e <strong>iAvvocato <\/strong>non \u00e8 responsabile dei contenuti di tali siti o di qualsiasi link in essi contenuto o di modifiche o aggiornamenti di tali siti. <strong>iAvvocato <\/strong>fornisce tali link soltanto per comodit\u00e0 e l\u2019esistenza degli stessi non comporta per <strong>iAvvocato <\/strong>alcuna assunzione di responsabilit\u00e0 per i contenuti o l\u2019uso di tali siti. Gli utenti sono responsabili per l\u2019uso dei detti link.<\/p>\n<p>In ottemperanza al D.Lgs 196\/2003, <strong>iAvvocato <\/strong>rispetta la tutela della privacy di chiunque scriva o interloquisca sotto qualsiasi forma con i webmaster fornendo informazioni personali. Le informazioni che gli Utenti del sito riterranno di rendere pubbliche tramite i servizi e gli strumenti messi a disposizione degli stessi, saranno fornite dall\u2019utente consapevolmente e secondo il proprio volere, sollevando <strong>iAvvocato <\/strong>da qualsiasi responsabilit\u00e0 derivante da violazioni della succitata Legge.<\/p>\n<p style=\"text-align: center;\"><strong>NATURA DEI CONTENUT<\/strong>I<\/p>\n<p>Questo sito ha carattere ricreativo ed i contenuti sono diretti esclusivamente a fornire informazioni di carattere generale.<br \/>\nIl titolare del blog e gli occasionali guest-blogger\u00a0ne curano, per quanto possibile, la correttezza. Ad ogni modo, non si garantisce per l&#8217;assenza di errori ed omissioni, anche derivanti da eventuali modifiche legislative.<br \/>\nI testi normativi riportati non hanno in alcun caso carattere di ufficialit\u00e0 n\u00e9 il testo pubblicato \u00e8 necessariamente conforme al testo vigente e ci\u00f2 sia in conseguenza di eventuali errori nell&#8217;immissione del testo medesimo che in conseguenza di eventuali sopravvenute modifiche legislative.<br \/>\nIl titolare del blog e gli occasionali guest-blogger non si assumono pertanto alcuna responsabilit\u00e0 per eventuali imprecisioni, omissioni e, in generale, per le eventuali conseguenze derivanti da eventuali decisioni assunte o iniziative intraprese sulla base (e\/o in conseguenza) delle informazioni contenute e delle opinioni espresse nel presente sito.<br \/>\n<strong>La consultazione del materiale contenuto nel sito non costituisce una relazione di consulenza legale n\u00e8 pu\u00f2 in alcun modo sostituire un parere legale, espresso all&#8217;esito di una approfondita disamina dei concreti termini della fattispecie.<\/strong><br \/>\nSi declina pertanto ogni responsabilit\u00e0 per un utilizzo improprio o non aggiornato di tali contenuti.<br \/>\nTutti i testi dei provvedimenti pubblicati, anche mediante link, non sono ufficiali; si declina, pertanto, ogni responsabilit\u00e0 per eventuali inesattezze.<\/p>\n<p style=\"text-align: center;\"><strong>LEGGE SULL\u2019EDITORIA<\/strong><\/p>\n<p>In ottemperanza con la legge sull\u2019 editoria, si segnalano le seguenti informazioni:<br \/>\na) <strong>iAvvocato <\/strong>non \u00e8 un periodico. Qualunque testo vi appaia non ha alcun tipo di cadenza predeterminata ne predeterminabile.<br \/>\nb) Non essendo una testata giornalistica, non esiste editore. Dati sensibili relativi alla legge sulla privacy sono tutelati in ottemperanza alla legge 675\/96 e dal dpr 318\/99.<\/p>\n<ol>\n<li>Tutti i Logo e Trademarks in questo sito sono propriet\u00e0 dei rispettivi possessori. Tutti i commenti sono a responsabilit\u00e0 esclusiva dell&#8217;autore degli stessi. Tutto il resto \u00e8 propriet\u00e0 dell\u2019Amministratore di <strong>iAvvocato<\/strong>.<\/li>\n<li><strong>iAvvocato <\/strong>utilizza Google Analytics per ottenere informazioni sul traffico web alle pagine. Queste informazioni sono anonime e vengono utilizzate per per determinare la popolarit\u00e0 del sito, analizzare il traffico sul sito e definire lo sviluppo di miglioramenti da apportare al sito.<br \/>\nSe decidete di inviarci tramite e-mail informazioni che identificano la vostra persona, utilizzeremo queste informazioni solo per rispondere alla vostra richiesta. Le informazioni ricevute non saranno vendute, cedute o distribuite a terze parti.<\/li>\n<\/ol>\n<p>&nbsp;<\/p>\n<p>&nbsp;<\/p>\n","protected":false},"excerpt":{"rendered":"<p>LEGGERE CON ATTENZIONE. iAvvocato non \u00e8 in alcun modo collegato a Apple Inc.\u00a9 o ad altre compagnie e l\u2019utilizzo dei marchi e loghi registrati appartenenti ai rispettivi proprietari \u00e8 da considersi con finalit\u00e0 illustrative e non a fine di lucro. Tutti i testi contenuti in questo sito sono di proprieta\u2019 di iAvvocato e protetti da [&hellip;]<\/p>\n","protected":false},"author":2,"featured_media":0,"parent":0,"menu_order":100,"comment_status":"closed","ping_status":"open","template":"","meta":{"_et_pb_use_builder":"","_et_pb_old_content":"","_et_gb_content_width":"","_monsterinsights_skip_tracking":false,"_monsterinsights_sitenote_active":false,"_monsterinsights_sitenote_note":"","_monsterinsights_sitenote_category":0,"footnotes":""},"class_list":["post-98","page","type-page","status-publish","hentry"],"_links":{"self":[{"href":"http:\/\/www.iavvocato.cloud\/index.php?rest_route=\/wp\/v2\/pages\/98","targetHints":{"allow":["GET"]}}],"collection":[{"href":"http:\/\/www.iavvocato.cloud\/index.php?rest_route=\/wp\/v2\/pages"}],"about":[{"href":"http:\/\/www.iavvocato.cloud\/index.php?rest_route=\/wp\/v2\/types\/page"}],"author":[{"embeddable":true,"href":"http:\/\/www.iavvocato.cloud\/index.php?rest_route=\/wp\/v2\/users\/2"}],"replies":[{"embeddable":true,"href":"http:\/\/www.iavvocato.cloud\/index.php?rest_route=%2Fwp%2Fv2%2Fcomments&post=98"}],"version-history":[{"count":15,"href":"http:\/\/www.iavvocato.cloud\/index.php?rest_route=\/wp\/v2\/pages\/98\/revisions"}],"predecessor-version":[{"id":1387,"href":"http:\/\/www.iavvocato.cloud\/index.php?rest_route=\/wp\/v2\/pages\/98\/revisions\/1387"}],"wp:attachment":[{"href":"http:\/\/www.iavvocato.cloud\/index.php?rest_route=%2Fwp%2Fv2%2Fmedia&parent=98"}],"curies":[{"name":"wp","href":"https:\/\/api.w.org\/{rel}","templated":true}]}}